{"id":12370,"date":"2025-10-17T14:04:24","date_gmt":"2025-10-17T13:04:24","guid":{"rendered":"https:\/\/balticmarine.lt\/?page_id=12370"},"modified":"2025-12-18T11:19:45","modified_gmt":"2025-12-18T11:19:45","slug":"kontaktai","status":"publish","type":"page","link":"https:\/\/balticmarine.lt\/fi\/kontaktai\/","title":{"rendered":"Ota yhteytt\u00e4"},"content":{"rendered":"<div data-elementor-type=\"wp-page\" data-elementor-id=\"12370\" class=\"elementor elementor-12370\" data-elementor-post-type=\"page\">\n\t\t\t\t<div class=\"no-position  elementor-element elementor-element-10cc3c8 e-flex e-con-boxed e-con e-parent\" data-particle_enable=\"false\" data-particle-mobile-disabled=\"false\" data-id=\"10cc3c8\" data-element_type=\"container\" data-settings=\"{&quot;background_background&quot;:&quot;classic&quot;}\">\n\t\t\t\t\t<div class=\"e-con-inner\">\n\t\t\t\t\t<\/div>\n\t\t\t\t<\/div>\n\t\t<div class=\"no-position  elementor-element elementor-element-0ab8301 e-flex e-con-boxed e-con e-parent\" data-particle_enable=\"false\" data-particle-mobile-disabled=\"false\" data-id=\"0ab8301\" data-element_type=\"container\" data-settings=\"{&quot;background_background&quot;:&quot;classic&quot;}\">\n\t\t\t\t\t<div class=\"e-con-inner\">\n\t\t<div class=\"no-position  elementor-element elementor-element-076b899 e-con-full e-flex e-con e-child\" data-particle_enable=\"false\" data-particle-mobile-disabled=\"false\" data-id=\"076b899\" data-element_type=\"container\">\n\t\t\t\t<div class=\"elementor-element elementor-element-6545f4d gsap-move-no rs-tween_max_btn-no elementor-widget elementor-widget-rs-heading\" data-id=\"6545f4d\" data-element_type=\"widget\" data-widget_type=\"rs-heading.default\">\n\t\t\t\t<div class=\"elementor-widget-container\">\n\t\t\t\t\t\n\t\t<div class=\"prelements-heading style1  center  animate-\">\n\t\t\t<div class=\"title-inner\">\n\t\t\t\t<h2 class=\"title rs-split-text-enable split-in-left\">Ota yhteytt\u00e4<\/h2>\n\t\t\t<\/div>\n\t\t\t\t\t\t\t<div class=\"description\">\n\t\t\t\t\tPyynt\u00f6j\u00e4, ehdotuksia ja neuvoja t\u00e4\u00e4ll\u00e4.\t\t\t\t<\/div>\n\t\t\t\t\t<\/div>\n\t\t\t\t<\/div>\n\t\t\t\t<\/div>\n\t\t\t\t<\/div>\n\t\t\t\t\t<\/div>\n\t\t\t\t<\/div>\n\t\t<div class=\"no-position  elementor-element elementor-element-01227b9 e-flex e-con-boxed e-con e-parent\" data-particle_enable=\"false\" data-particle-mobile-disabled=\"false\" data-id=\"01227b9\" data-element_type=\"container\">\n\t\t\t\t\t<div class=\"e-con-inner\">\n\t\t<div class=\"no-position  elementor-element elementor-element-8ad2aaf e-con-full e-flex e-con e-child\" data-particle_enable=\"false\" data-particle-mobile-disabled=\"false\" data-id=\"8ad2aaf\" data-element_type=\"container\">\n\t\t\t\t<div class=\"elementor-element elementor-element-b1747df elementor-widget-laptop__width-inherit gsap-move-no rs-tween_max_btn-no elementor-widget elementor-widget-rs-service-grid\" data-id=\"b1747df\" data-element_type=\"widget\" data-widget_type=\"rs-service-grid.default\">\n\t\t\t\t<div class=\"elementor-widget-container\">\n\t\t\t\t\t\r\n\t\t<div class=\"rs-addon-services style7\">\r\n\t\t\t<div class=\"services-inner box clip-no\">\r\n            <div class=\"content_part\">\r\n                    <div class=\"services-title\">\r\n                                    <h4 class=\"title\"> Johtaja<\/h4>\r\n                            <\/div>\r\n        \r\n                    <div class=\"desc-text\">\r\n                Mantas Sakalauskas <br>\n+370 614 98888<br>\ninfo@balticmarine.lt<br>\n\n            <\/div>\r\n        \r\n        \r\n            <\/div>\r\n<\/div>\t\t<\/div>\r\n\r\n\t\t\t\t<\/div>\n\t\t\t\t<\/div>\n\t\t\t\t<\/div>\n\t\t<div class=\"no-position  elementor-element elementor-element-d8cdd12 e-con-full e-flex e-con e-child\" data-particle_enable=\"false\" data-particle-mobile-disabled=\"false\" data-id=\"d8cdd12\" data-element_type=\"container\">\n\t\t\t\t<div class=\"elementor-element elementor-element-bd1a5bc elementor-widget-laptop__width-inherit gsap-move-no rs-tween_max_btn-no elementor-widget elementor-widget-rs-service-grid\" data-id=\"bd1a5bc\" data-element_type=\"widget\" data-widget_type=\"rs-service-grid.default\">\n\t\t\t\t<div class=\"elementor-widget-container\">\n\t\t\t\t\t\r\n\t\t<div class=\"rs-addon-services style7\">\r\n\t\t\t<div class=\"services-inner box clip-no\">\r\n            <div class=\"content_part\">\r\n                    <div class=\"services-title\">\r\n                                    <h4 class=\"title\"> Marine cargo transport<\/h4>\r\n                            <\/div>\r\n        \r\n                    <div class=\"desc-text\">\r\n                Michail Polevanov<br>\n+370 642 88887<br>\nsales@balticmarine.lt<br>\n\n            <\/div>\r\n        \r\n        \r\n            <\/div>\r\n<\/div>\t\t<\/div>\r\n\r\n\t\t\t\t<\/div>\n\t\t\t\t<\/div>\n\t\t\t\t<\/div>\n\t\t\t\t\t<\/div>\n\t\t\t\t<\/div>\n\t\t<div class=\"no-position  elementor-element elementor-element-a20210a e-flex e-con-boxed e-con e-parent\" data-particle_enable=\"false\" data-particle-mobile-disabled=\"false\" data-id=\"a20210a\" data-element_type=\"container\">\n\t\t\t\t\t<div class=\"e-con-inner\">\n\t\t\t\t<div class=\"elementor-element elementor-element-51e3637 elementor-widget-divider--view-line gsap-move-no rs-tween_max_btn-no elementor-widget elementor-widget-divider\" data-id=\"51e3637\" data-element_type=\"widget\" data-widget_type=\"divider.default\">\n\t\t\t\t\t\t\t<div class=\"elementor-divider\">\n\t\t\t<span class=\"elementor-divider-separator\">\n\t\t\t\t\t\t<\/span>\n\t\t<\/div>\n\t\t\t\t\t\t<\/div>\n\t\t\t\t\t<\/div>\n\t\t\t\t<\/div>\n\t\t<div class=\"no-position  elementor-element elementor-element-4623d64 e-flex e-con-boxed e-con e-parent\" data-particle_enable=\"false\" data-particle-mobile-disabled=\"false\" data-id=\"4623d64\" data-element_type=\"container\">\n\t\t\t\t\t<div class=\"e-con-inner\">\n\t\t<div class=\"no-position  elementor-element elementor-element-1f2e0a2 e-con-full e-flex e-con e-child\" data-particle_enable=\"false\" data-particle-mobile-disabled=\"false\" data-id=\"1f2e0a2\" data-element_type=\"container\">\n\t\t<div class=\"no-position  elementor-element elementor-element-3f1ddc1 e-con-full e-flex e-con e-child\" data-particle_enable=\"false\" data-particle-mobile-disabled=\"false\" data-id=\"3f1ddc1\" data-element_type=\"container\">\n\t\t\t\t<div class=\"elementor-element elementor-element-f70e23a gsap-move-no rs-tween_max_btn-no elementor-widget elementor-widget-rs-heading\" data-id=\"f70e23a\" data-element_type=\"widget\" data-widget_type=\"rs-heading.default\">\n\t\t\t\t<div class=\"elementor-widget-container\">\n\t\t\t\t\t\n\t\t<div class=\"prelements-heading default    animate-\">\n\t\t\t<div class=\"title-inner\">\n\t\t\t\t<h3 class=\"title rs-split-text-disable\">Ota meihin yhteytt\u00e4.<\/h3>\n\t\t\t<\/div>\n\t\t\t\t\t<\/div>\n\t\t\t\t<\/div>\n\t\t\t\t<\/div>\n\t\t\t\t<div class=\"elementor-element elementor-element-9793c5f elementor-button-align-stretch gsap-move-no rs-tween_max_btn-no elementor-widget elementor-widget-form\" data-id=\"9793c5f\" data-element_type=\"widget\" data-settings=\"{&quot;step_next_label&quot;:&quot;Next&quot;,&quot;step_previous_label&quot;:&quot;Previous&quot;,&quot;button_width&quot;:&quot;100&quot;,&quot;step_type&quot;:&quot;number_text&quot;,&quot;step_icon_shape&quot;:&quot;circle&quot;}\" data-widget_type=\"form.default\">\n\t\t\t\t\t\t\t<form class=\"elementor-form\" method=\"post\" name=\"New Form\" aria-label=\"Uusi Muoto\" action=\"\">\n\t\t\t<input type=\"hidden\" name=\"post_id\" value=\"12370\"\/>\n\t\t\t<input type=\"hidden\" name=\"form_id\" value=\"9793c5f\"\/>\n\t\t\t<input type=\"hidden\" name=\"referer_title\" value=\"Susisiekite su Baltic Marine \u2013 Krovini\u0173 perve\u017eimo ir logistikos ekspertai\" \/>\n\n\t\t\t\t\t\t\t<input type=\"hidden\" name=\"queried_id\" value=\"12370\"\/>\n\t\t\t\n\t\t\t<div class=\"elementor-form-fields-wrapper elementor-labels-above\">\n\t\t\t\t\t\t\t\t<div class=\"elementor-field-type-text elementor-field-group elementor-column elementor-field-group-name elementor-col-50\">\n\t\t\t\t\t\t\t\t\t\t\t\t<label for=\"form-field-name\" class=\"elementor-field-label\">\n\t\t\t\t\t\t\t\tNimi\t\t\t\t\t\t\t<\/label>\n\t\t\t\t\t\t\t\t\t\t\t\t\t\t<input size=\"1\" type=\"text\" name=\"form_fields[name]\" id=\"form-field-name\" class=\"elementor-field elementor-size-sm  elementor-field-textual\">\n\t\t\t\t\t\t\t\t\t\t\t<\/div>\n\t\t\t\t\t\t\t\t<div class=\"elementor-field-type-email elementor-field-group elementor-column elementor-field-group-email elementor-col-50 elementor-field-required\">\n\t\t\t\t\t\t\t\t\t\t\t\t<label for=\"form-field-email\" class=\"elementor-field-label\">\n\t\t\t\t\t\t\t\tEl. mail\t\t\t\t\t\t\t<\/label>\n\t\t\t\t\t\t\t\t\t\t\t\t\t\t<input size=\"1\" type=\"email\" name=\"form_fields[email]\" id=\"form-field-email\" class=\"elementor-field elementor-size-sm  elementor-field-textual\" required=\"required\">\n\t\t\t\t\t\t\t\t\t\t\t<\/div>\n\t\t\t\t\t\t\t\t<div class=\"elementor-field-type-telephone elementor-field-group elementor-column elementor-field-group-field_291034a elementor-col-100\">\n\t\t\t\t\t\t\t\t\t\t\t\t<label for=\"form-field-field_291034a\" class=\"elementor-field-label\">\n\t\t\t\t\t\t\t\tPuh. ei.\t\t\t\t\t\t\t<\/label>\n\t\t\t\t\t\t\t\t<input dir=\"ltr\" type=\"text\" name=\"change_name_field_291034a\" id=\"form-field-field_291034a\" class=\"elementor-field elementor-size-sm  elementor-field-telephone elementor-field-textual elementor-field-telephone-us yee-ltr\" data-pre=\"us|gb\" data-excludecountries=\"\" data-onlyct=\"\" data-defcountry=\"lt\" data-hide_flag=\"\" data-hide_code=\"\" data-validation=\"\" data-name=\"field_291034a\" data-telephone_search=\"\" >\n\t\t<input onkeydown=\"return \/[0-9]|\\(|\\)|\\+|-|BACKSPACE\/i.test(event.key)\" type=\"hidden\" class=\"phone_check\" name=\"form_fields[field_291034a_check]\" value=\"\" >\n\t\t\t\t\t\t<\/div>\n\t\t\t\t\t\t\t\t<div class=\"elementor-field-type-recaptcha_v3 elementor-field-group elementor-column elementor-field-group-field_ff41d02 elementor-col-100 recaptcha_v3-inline\">\n\t\t\t\t\t<div class=\"elementor-field\" id=\"form-field-field_ff41d02\"><div class=\"elementor-g-recaptcha\" data-sitekey=\"6Lc4nB0sAAAAAKMskb5rXygvvxDKrId5owSse_28\" data-type=\"v3\" data-action=\"Form\" data-badge=\"inline\" data-size=\"invisible\"><\/div><\/div>\t\t\t\t<\/div>\n\t\t\t\t\t\t\t\t<div class=\"elementor-field-type-textarea elementor-field-group elementor-column elementor-field-group-field_a5b7b99 elementor-col-100\">\n\t\t\t\t\t\t\t\t\t\t\t\t<label for=\"form-field-field_a5b7b99\" class=\"elementor-field-label\">\n\t\t\t\t\t\t\t\tViesti\t\t\t\t\t\t\t<\/label>\n\t\t\t\t\t\t<textarea class=\"elementor-field-textual elementor-field  elementor-size-sm\" name=\"form_fields[field_a5b7b99]\" id=\"form-field-field_a5b7b99\" rows=\"4\"><\/textarea>\t\t\t\t<\/div>\n\t\t\t\t\t\t\t\t<div class=\"elementor-field-group elementor-column elementor-field-type-submit elementor-col-100 e-form__buttons\">\n\t\t\t\t\t<button class=\"elementor-button elementor-size-sm\" type=\"submit\">\n\t\t\t\t\t\t<span class=\"elementor-button-content-wrapper\">\n\t\t\t\t\t\t\t\t\t\t\t\t\t\t\t\t\t\t\t\t\t\t<span class=\"elementor-button-text\">L\u00e4het\u00e4<\/span>\n\t\t\t\t\t\t\t\t\t\t\t\t\t<\/span>\n\t\t\t\t\t<\/button>\n\t\t\t\t<\/div>\n\t\t\t<\/div>\n\t\t<input type=\"hidden\" name=\"trp-form-language\" value=\"fi\"\/><\/form>\n\t\t\t\t\t\t<\/div>\n\t\t\t\t<\/div>\n\t\t\t\t<\/div>\n\t\t<div class=\"no-position  elementor-element elementor-element-eafbd8b e-con-full e-flex e-con e-child\" data-particle_enable=\"false\" data-particle-mobile-disabled=\"false\" data-id=\"eafbd8b\" data-element_type=\"container\">\n\t\t<div class=\"no-position  elementor-element elementor-element-1d3c309 e-con-full e-flex e-con e-child\" data-particle_enable=\"false\" data-particle-mobile-disabled=\"false\" data-id=\"1d3c309\" data-element_type=\"container\">\n\t\t\t\t<div class=\"elementor-element elementor-element-f226844 gsap-move-no rs-tween_max_btn-no elementor-widget elementor-widget-google_maps\" data-id=\"f226844\" data-element_type=\"widget\" data-widget_type=\"google_maps.default\">\n\t\t\t\t\t\t\t<div class=\"elementor-custom-embed\">\n\t\t\t<iframe loading=\"lazy\"\n\t\t\t\t\tsrc=\"https:\/\/maps.google.com\/maps?q=Baltijos%20pr.%2012A%2C%20Klaip%C4%97da%2C%2091111%20Klaip%C4%97dos%20m.%20sav.&#038;t=m&#038;z=13&#038;output=embed&#038;iwloc=near\"\n\t\t\t\t\ttitle=\"Baltijos pr. 12A, Klaip\u0117da, 91111 Klaip\u0117dos m. sav.\"\n\t\t\t\t\taria-label=\"Baltijos pr. 12A, Klaip\u0117da, 91111 Klaip\u0117dos m. sav.\"\n\t\t\t><\/iframe>\n\t\t<\/div>\n\t\t\t\t\t\t<\/div>\n\t\t\t\t<\/div>\n\t\t\t\t<\/div>\n\t\t\t\t\t<\/div>\n\t\t\t\t<\/div>\n\t\t\t\t<\/div>","protected":false},"excerpt":{"rendered":"<p>Kontaktai U\u017eklausos, pasi\u016blymai ir konsultacijos \u2014 \u010dia. Direktorius Mantas Sakalauskas +370 614 98888 info@balticmarine.lt J\u016brini\u0173 krovini\u0173 perve\u017eimas Michail Polevanov +370 642 88887 sales@balticmarine.lt Susisiekite su mumis<\/p>","protected":false},"author":1,"featured_media":0,"parent":0,"menu_order":0,"comment_status":"closed","ping_status":"closed","template":"elementor_header_footer","meta":{"footnotes":""},"class_list":["post-12370","page","type-page","status-publish","hentry"],"yoast_head":"<!-- This site is optimized with the Yoast SEO Premium plugin v26.1 (Yoast SEO v26.1) - https:\/\/yoast.com\/wordpress\/plugins\/seo\/ -->\n<title>Susisiekite su Baltic Marine \u2013 Krovini\u0173 perve\u017eimo ir logistikos ekspertai<\/title>\n<meta name=\"description\" content=\"Nor\u0117dami su\u017einoti daugiau apie m\u016bs\u0173 paslaugas, susisiekite su Baltic Marine. M\u016bs\u0173 komanda pasir\u016bpins visais J\u016bs\u0173 krovini\u0173 perve\u017eimo ir logistikos poreikiais.\" \/>\n<meta name=\"robots\" content=\"index, follow, max-snippet:-1, max-image-preview:large, max-video-preview:-1\" \/>\n<link rel=\"canonical\" href=\"https:\/\/balticmarine.lt\/fi\/kontaktai\/\" \/>\n<meta property=\"og:locale\" content=\"fi_FI\" \/>\n<meta property=\"og:type\" content=\"article\" \/>\n<meta property=\"og:title\" content=\"Kontaktai\" \/>\n<meta property=\"og:description\" content=\"Nor\u0117dami su\u017einoti daugiau apie m\u016bs\u0173 paslaugas, susisiekite su Baltic Marine. M\u016bs\u0173 komanda pasir\u016bpins visais J\u016bs\u0173 krovini\u0173 perve\u017eimo ir logistikos poreikiais.\" \/>\n<meta property=\"og:url\" content=\"https:\/\/balticmarine.lt\/fi\/kontaktai\/\" \/>\n<meta property=\"og:site_name\" content=\"BALTIC MARINE\" \/>\n<meta property=\"article:modified_time\" content=\"2025-12-18T11:19:45+00:00\" \/>\n<meta name=\"twitter:card\" content=\"summary_large_image\" \/>\n<meta name=\"twitter:label1\" content=\"Arvioitu lukuaika\" \/>\n\t<meta name=\"twitter:data1\" content=\"1 minuutti\" \/>\n<script type=\"application\/ld+json\" class=\"yoast-schema-graph\">{\"@context\":\"https:\/\/schema.org\",\"@graph\":[{\"@type\":\"WebPage\",\"@id\":\"https:\/\/balticmarine.lt\/kontaktai\/\",\"url\":\"https:\/\/balticmarine.lt\/kontaktai\/\",\"name\":\"Susisiekite su Baltic Marine \u2013 Krovini\u0173 perve\u017eimo ir logistikos ekspertai\",\"isPartOf\":{\"@id\":\"https:\/\/balticmarine.lt\/#website\"},\"datePublished\":\"2025-10-17T13:04:24+00:00\",\"dateModified\":\"2025-12-18T11:19:45+00:00\",\"description\":\"Nor\u0117dami su\u017einoti daugiau apie m\u016bs\u0173 paslaugas, susisiekite su Baltic Marine. M\u016bs\u0173 komanda pasir\u016bpins visais J\u016bs\u0173 krovini\u0173 perve\u017eimo ir logistikos poreikiais.\",\"breadcrumb\":{\"@id\":\"https:\/\/balticmarine.lt\/kontaktai\/#breadcrumb\"},\"inLanguage\":\"fi\",\"potentialAction\":[{\"@type\":\"ReadAction\",\"target\":[\"https:\/\/balticmarine.lt\/kontaktai\/\"]}]},{\"@type\":\"BreadcrumbList\",\"@id\":\"https:\/\/balticmarine.lt\/kontaktai\/#breadcrumb\",\"itemListElement\":[{\"@type\":\"ListItem\",\"position\":1,\"name\":\"Home\",\"item\":\"https:\/\/balticmarine.lt\/\"},{\"@type\":\"ListItem\",\"position\":2,\"name\":\"Kontaktai\"}]},{\"@type\":\"WebSite\",\"@id\":\"https:\/\/balticmarine.lt\/#website\",\"url\":\"https:\/\/balticmarine.lt\/\",\"name\":\"BALTIC MARINE\",\"description\":\"\",\"publisher\":{\"@id\":\"https:\/\/balticmarine.lt\/#organization\"},\"potentialAction\":[{\"@type\":\"SearchAction\",\"target\":{\"@type\":\"EntryPoint\",\"urlTemplate\":\"https:\/\/balticmarine.lt\/?s={search_term_string}\"},\"query-input\":{\"@type\":\"PropertyValueSpecification\",\"valueRequired\":true,\"valueName\":\"search_term_string\"}}],\"inLanguage\":\"fi\"},{\"@type\":\"Organization\",\"@id\":\"https:\/\/balticmarine.lt\/#organization\",\"name\":\"BALTIC MARINE\",\"url\":\"https:\/\/balticmarine.lt\/\",\"logo\":{\"@type\":\"ImageObject\",\"inLanguage\":\"fi\",\"@id\":\"https:\/\/balticmarine.lt\/#\/schema\/logo\/image\/\",\"url\":\"https:\/\/balticmarine.lt\/wp-content\/uploads\/2025\/12\/favicon.png\",\"contentUrl\":\"https:\/\/balticmarine.lt\/wp-content\/uploads\/2025\/12\/favicon.png\",\"width\":192,\"height\":192,\"caption\":\"BALTIC MARINE\"},\"image\":{\"@id\":\"https:\/\/balticmarine.lt\/#\/schema\/logo\/image\/\"}}]}<\/script>\n<!-- \/ Yoast SEO Premium plugin. -->","yoast_head_json":{"title":"Ota yhteytt\u00e4 Baltic Marineen \u2013 rahtikuljetuksen ja logistiikan asiantuntijat","description":"Lis\u00e4tietoja palveluistamme saat ottamalla yhteytt\u00e4 Baltic Marineen. Tiimimme huolehtii kaikista rahtikuljetus- ja logistiikkatarpeistasi.","robots":{"index":"index","follow":"follow","max-snippet":"max-snippet:-1","max-image-preview":"max-image-preview:large","max-video-preview":"max-video-preview:-1"},"canonical":"https:\/\/balticmarine.lt\/fi\/kontaktai\/","og_locale":"fi_FI","og_type":"article","og_title":"Kontaktai","og_description":"Nor\u0117dami su\u017einoti daugiau apie m\u016bs\u0173 paslaugas, susisiekite su Baltic Marine. M\u016bs\u0173 komanda pasir\u016bpins visais J\u016bs\u0173 krovini\u0173 perve\u017eimo ir logistikos poreikiais.","og_url":"https:\/\/balticmarine.lt\/fi\/kontaktai\/","og_site_name":"BALTIC MARINE","article_modified_time":"2025-12-18T11:19:45+00:00","twitter_card":"summary_large_image","twitter_misc":{"Arvioitu lukuaika":"1 minuutti"},"schema":{"@context":"https:\/\/schema.org","@graph":[{"@type":"WebPage","@id":"https:\/\/balticmarine.lt\/kontaktai\/","url":"https:\/\/balticmarine.lt\/kontaktai\/","name":"Ota yhteytt\u00e4 Baltic Marineen \u2013 rahtikuljetuksen ja logistiikan asiantuntijat","isPartOf":{"@id":"https:\/\/balticmarine.lt\/#website"},"datePublished":"2025-10-17T13:04:24+00:00","dateModified":"2025-12-18T11:19:45+00:00","description":"Lis\u00e4tietoja palveluistamme saat ottamalla yhteytt\u00e4 Baltic Marineen. Tiimimme huolehtii kaikista rahtikuljetus- ja logistiikkatarpeistasi.","breadcrumb":{"@id":"https:\/\/balticmarine.lt\/kontaktai\/#breadcrumb"},"inLanguage":"fi","potentialAction":[{"@type":"ReadAction","target":["https:\/\/balticmarine.lt\/kontaktai\/"]}]},{"@type":"BreadcrumbList","@id":"https:\/\/balticmarine.lt\/kontaktai\/#breadcrumb","itemListElement":[{"@type":"ListItem","position":1,"name":"Home","item":"https:\/\/balticmarine.lt\/"},{"@type":"ListItem","position":2,"name":"Kontaktai"}]},{"@type":"WebSite","@id":"https:\/\/balticmarine.lt\/#website","url":"https:\/\/balticmarine.lt\/","name":"BALTIC MARINE","description":"","publisher":{"@id":"https:\/\/balticmarine.lt\/#organization"},"potentialAction":[{"@type":"SearchAction","target":{"@type":"EntryPoint","urlTemplate":"https:\/\/balticmarine.lt\/?s={search_term_string}"},"query-input":{"@type":"PropertyValueSpecification","valueRequired":true,"valueName":"search_term_string"}}],"inLanguage":"fi"},{"@type":"Organization","@id":"https:\/\/balticmarine.lt\/#organization","name":"BALTIC MARINE","url":"https:\/\/balticmarine.lt\/","logo":{"@type":"ImageObject","inLanguage":"fi","@id":"https:\/\/balticmarine.lt\/#\/schema\/logo\/image\/","url":"https:\/\/balticmarine.lt\/wp-content\/uploads\/2025\/12\/favicon.png","contentUrl":"https:\/\/balticmarine.lt\/wp-content\/uploads\/2025\/12\/favicon.png","width":192,"height":192,"caption":"BALTIC MARINE"},"image":{"@id":"https:\/\/balticmarine.lt\/#\/schema\/logo\/image\/"}}]}},"_links":{"self":[{"href":"https:\/\/balticmarine.lt\/fi\/wp-json\/wp\/v2\/pages\/12370","targetHints":{"allow":["GET"]}}],"collection":[{"href":"https:\/\/balticmarine.lt\/fi\/wp-json\/wp\/v2\/pages"}],"about":[{"href":"https:\/\/balticmarine.lt\/fi\/wp-json\/wp\/v2\/types\/page"}],"author":[{"embeddable":true,"href":"https:\/\/balticmarine.lt\/fi\/wp-json\/wp\/v2\/users\/1"}],"replies":[{"embeddable":true,"href":"https:\/\/balticmarine.lt\/fi\/wp-json\/wp\/v2\/comments?post=12370"}],"version-history":[{"count":76,"href":"https:\/\/balticmarine.lt\/fi\/wp-json\/wp\/v2\/pages\/12370\/revisions"}],"predecessor-version":[{"id":13770,"href":"https:\/\/balticmarine.lt\/fi\/wp-json\/wp\/v2\/pages\/12370\/revisions\/13770"}],"wp:attachment":[{"href":"https:\/\/balticmarine.lt\/fi\/wp-json\/wp\/v2\/media?parent=12370"}],"curies":[{"name":"wp","href":"https:\/\/api.w.org\/{rel}","templated":true}]}}